{"id":21,"date":"2018-06-12T19:11:05","date_gmt":"2018-06-12T19:11:05","guid":{"rendered":"https:\/\/avatudkeskus.ee\/?page_id=21"},"modified":"2025-06-02T11:43:04","modified_gmt":"2025-06-02T11:43:04","slug":"firmast","status":"publish","type":"page","link":"https:\/\/avatudkeskus.ee\/et\/oppekeskkond\/","title":{"rendered":"\u00d5ppekorraldus"},"content":{"rendered":"<p>[vc_row][vc_column][\/vc_column][\/vc_row][vc_row][vc_column][vc_tabs][vc_tab title=&#8221;\u00dclds\u00e4tted&#8221; tab_id=&#8221;f2b196ce-66ac-7&#8243;][vc_column_text]<\/p>\n<ul>\n<li>Alex Koolitus O\u00dc (edasi Koolituskeskus) on t\u00e4ienduskoolitusasutus;<\/li>\n<li>Koolituskeskus l\u00e4htub t\u00e4ienduskoolituse korraldamisel t\u00e4iskasvanute koolituse seadusest, t\u00e4ienduskoolituse standardist ning teistest asjakohastest \u00f5igusaktidest ja dokumentidest;<\/li>\n<li>Koolituskeskus korraldab t\u00e4iskasvanutele suunatud t\u00f6\u00f6alast t\u00e4ienduskoolitust;<\/li>\n<li>\u00d5ppet\u00f6\u00f6 toimub koolitustena aastaringselt. Koolituse mahtu arvestatakse akadeemilistes tundides, kus \u00fcks akadeemiline tund on 45 minutit;<\/li>\n<li>Koolitused toimuvad grupikoolituse ja\/v\u00f5i individuaal\u00f5ppena. Individuaal\u00f5ppe puhul viiakse koolitusi l\u00e4bi koolitatava vajadustest l\u00e4htuva individuaalse \u00f5ppekava alusel;<\/li>\n<li>P\u00fc\u00fcame koostada \u00f5pper\u00fchmad v\u00f5imalikult samade vajaduste ja \u00f5ppetasemete p\u00f5hjal;<\/li>\n<li>K\u00f5ik t\u00e4ienduskoolitusega seonduvad muudatused kajastuvad Koolituskeskuse kodulehel;<\/li>\n<li>K\u00f5ik pakutavad t\u00e4ienduskoolitused avalikustatakse Koolituskeskuse veebilehel.<\/li>\n<\/ul>\n<p>[\/vc_column_text][\/vc_tab][vc_tab title=&#8221;\u00d5ppijate vastuv\u00f5tu ja v\u00e4ljaarvamise tingimused ja kord&#8221; tab_id=&#8221;18bdd7a2-0958-1&#8243;][vc_column_text]<\/p>\n<ul>\n<li>Koolitusele registreerimine toimub koolitusele soovija vastava registreerimisvormi t\u00e4itmisel \u00f5ppekeskuse kodulehel e-posti v\u00f5i telefoni teel Koolituskeskuse kodulehel m\u00e4rgitud kontaktil kui ei ole \u00f5ppekavas m\u00e4rgitud teisiti;<\/li>\n<li>Koolitusel osaleja kinnitab koolitusele asumisel allkirjaga avaldusel, et on tutvunud Alex Koolitus O\u00dc t\u00e4ienduskoolituse \u00f5ppekorralduse alustega;<\/li>\n<li>Umbes 1 n\u00e4dal enne kursuse algust helistab koolituse haldur osalejatele, et kinnitada osalust;<\/li>\n<li>Juhul kui kursuse k\u00e4igus v\u00e4heneb \u00f5ppijate arv grupis, koosk\u00f5lastatakse koolitatavatega edasised \u00f5ppetingimused;<\/li>\n<li>Koolituskeskusel on \u00f5igus t\u00fchistada koolituskalendris m\u00e4rgitud koolitus kui koolitusele ei ole kogunenud koolituse toimumiseks eeldatavat arvu osalejaid;<\/li>\n<li>\u00d5ppija arvestatakse \u00f5ppeasutusest v\u00e4lja isikliku kirjaliku avalduse alusel v\u00f5i enneaegse \u00f5ppetasu maksmisel;<\/li>\n<li>Koolituskeskusel on \u00f5igus Leping erakorraliselt ilma etteteatamata \u00fcles \u00f6elda kui Maksja v\u00f5i \u00d5ppija kahjustavad koolitaja vara v\u00f5i mainet.<\/li>\n<\/ul>\n<p>[\/vc_column_text][\/vc_tab][vc_tab title=&#8221;\u00d5ppemaksu tasumine ja tagastamine&#8221; tab_id=&#8221;1620718657738-2-2&#8243;][vc_column_text]Vastavalt rahastusallikale jagunevad koolitused:<\/p>\n<p>1) Riiklik koolitustellimus, mida finantseeritakse ESF programmist \u201eT\u00e4iskasvanuhariduse edendamine ja \u00f5ppimisv\u00f5imaluste avardamine\u201c ja jt.;<\/p>\n<p>2) tasulised koolitused, mille eest tasub indiviid, t\u00f6\u00f6andja vms.<\/p>\n<ul>\n<li>\u00d5ppemaks tuleb tasuda esitatud arve alusel enne kursuse algust v\u00f5i maksegraafiku alusel enne kursuse l\u00f5ppu. \u00d5ppetasu arve v\u00e4ljastatakse maksjale eelnevalt kokkulepitud sobival saatmisviisil;<\/li>\n<li>Pikemalt kestvate kursuste eest on v\u00f5imalik soovi korral tasuda mitmes osas. Maksmiskordade arv s\u00f5ltub koolituse pikkusest. Esimene osamakse peab olema tasutud enne koolituse algust ja viimane osamakse enne koolituse l\u00f5pukuup\u00e4eva;<\/li>\n<li>Arve tuleb tasuda arvel m\u00e4rgitud t\u00e4htajaks. Koolitusest loobumise teatamisel kuni 15 p\u00e4eva enne koolituse algust tagastatakse 100% \u00f5ppetasust;<\/li>\n<li>Koolitusest loobumise teatamisel 5 p\u00e4eva enne koolituse toimumist tagastatakse 75% \u00f5ppetasust;<\/li>\n<li>R\u00fchma\u00f5ppes puudumised \u00f5ppetasu maksumust ei v\u00e4henda;<\/li>\n<li>\u00d5ppetasu osaline tagastamine toimub juhul kui koolitusel osaleja on edastanud eelnevalt teate Koolituskeskusele koolitusest loobumise kohta ja Koolituskeskus on vastava koolituse jaoks teinud reaalseid kulutusi (ostnud \u00f5ppematerjalid vms);<\/li>\n<li>Koolituse \u00e4ra j\u00e4\u00e4misel Koolituskeskusest tingitud p\u00f5hjustel makstakse koolituse eest makstud \u00f5ppetasu tagasi tasutud summa ulatuses;<\/li>\n<li>Kui koolituse l\u00f5pu kuup\u00e4evaks pole kogu summa tasutud, siis on Koolituskeskusel \u00f5igus osalejale Tunnistust mitte v\u00e4ljastada;<\/li>\n<li>\u00d5ppemaksust vabastamist kehtestatud ei ole.<\/li>\n<\/ul>\n<p>[\/vc_column_text][\/vc_tab][vc_tab title=&#8221;V\u00e4ljastatavad dokumendid&#8221; tab_id=&#8221;1620718658658-3-9&#8243;][vc_column_text]<\/p>\n<ul>\n<li>\u00d5pingud loetakse l\u00f5petatuks, kui \u00f5ppija on t\u00e4itnud \u00f5ppekava t\u00e4ies mahus. Kooli l\u00f5petamist t\u00f5endab Koolituskeskuse Tunnistus;<\/li>\n<li>T\u00f5end v\u00e4ljastatakse isikule juhul, kui ta ei saavutanud \u00f5ppekava l\u00f5petamiseks n\u00f5utud \u00f5piv\u00e4ljundeid v\u00f5i osales \u00f5ppet\u00f6\u00f6s v\u00e4hem kui 70% mahust;<\/li>\n<li>V\u00e4ljastatud Tunnistused\/T\u00f5endid nummerdatakse;<\/li>\n<li>Tunnistusi\/T\u00f5endeid v\u00f5ib v\u00e4ljastada ka elektrooniliselt;<\/li>\n<li>Tunnistuse\/T\u00f5endi v\u00e4ljastamine inglise v\u00f5i vene keeles 20,00 eurot;<\/li>\n<li>Kadunud Tunnistuse\/T\u00f5endi duplikaadi v\u00e4ljastamine 10,00 eurot.<\/li>\n<\/ul>\n<p>[\/vc_column_text][\/vc_tab][vc_tab title=&#8221;\u00d5pijate \u00f5igused ja kohustused&#8221; tab_id=&#8221;1620718660233-5-6&#8243;][vc_column_text]\u00d5ppijal <strong>on \u00f5igus<\/strong> enne koolitusele asumist:<\/p>\n<p>&#8211; tutvuda kooli \u00f5ppekorralduse, \u00f5ppekavaga ning saada t\u00e4iendavat infot Koolitusekeskuse kohta;<\/p>\n<p>&#8211; saada koolitust vastavalt \u00f5ppekavale;<\/p>\n<p>&#8211; saada koolituse l\u00f5ppemisel Tunnistuse \u00f5piv\u00e4ljundite saavutamisel;<\/p>\n<p>&#8211; saada koolituse l\u00f5petamisel T\u00f5end, kui \u00f5piv\u00e4ljundite hindamist ei toimunud v\u00f5i neid ei saavutatud.<\/p>\n<p>\u00d5ppija <strong>on kohustatud<\/strong>:<\/p>\n<p>&#8211; peale osaluse kinnitamist osalema koolitusel;<\/p>\n<p>&#8211; mitteosalemise korral teavitama Koolituskeskus enne algust;<\/p>\n<p>&#8211; kinnitama osaluse oma allkirjaga registreerimislehel iga koolituskorra kohta;<\/p>\n<p>&#8211; t\u00e4itma kooli sisekorraeeskirju, t\u00f6\u00f6ohutus- ja tuleohutuseeskirju;<\/p>\n<p>&#8211; hoidma korras talle kasutada antavad \u00f5ppevahendid ning hoidma Koolituskeskus vara;<\/p>\n<p>&#8211; k\u00e4ituma vastavalt \u00fcldtunnustatud k\u00f5lblusnormidele.<\/p>\n<p>\u00d5ppijal <strong>on keelatud<\/strong>: tarvitada, omada v\u00f5i levitada Koolituskeskuse territooriumil alkohoolseid jooke, narkootilisi aineid, tubakatooteid v\u00f5i neid asendavaid tooteid (nt e-sigar).<\/p>\n<p>Koolituskeskus on \u00f5igus sisekorraeeskirjade rikkujaid koolituselt k\u00f5rvaldada ja\/v\u00f5i v\u00e4lja arvata.[\/vc_column_text][\/vc_tab][vc_tab title=&#8221;Isikuanndmete t\u00f6\u00f6tlemise \u00fcldp\u00f5him\u00f5tted&#8221; tab_id=&#8221;1620718661021-6-1&#8243;][vc_column_text]Isikuandmete t\u00f6\u00f6tlemisel l\u00e4htub Koolituskeskus \u00abAvaliku teabe seadusest\u00bb (<a href=\"https:\/\/www.riigiteataja.ee\/akt\/122032011010\">https:\/\/www.riigiteataja.ee\/akt\/122032011010<\/a>), \u00abIsikuandmete kaitse seadusest\u00bb (<a href=\"https:\/\/www.riigiteataja.ee\/akt\/104012019011\">https:\/\/www.riigiteataja.ee\/akt\/104012019011<\/a>).<\/p>\n<p>Isikuandmete, sealhulgas isikuandmeid sisaldavate dokumentide s\u00e4ilitamisel l\u00e4htume p\u00f5him\u00f5ttest, et andmeid s\u00e4ilitame \u00fcksnes seni, kuni see on vajalik eesm\u00e4rgi t\u00e4itmiseks, milleks andmeid kogusime, v\u00f5i seni, kuni andmete s\u00e4ilitamine on seadusest tulenevalt kohustuslik.<\/p>\n<p><strong>Isikuandmeid osalejate kohta need ei kuulu avaldamiseks kolmandale osapoolele.<\/strong><\/p>\n<p>K\u00f5ikide teenuste osutamiseks k\u00fcsime oma osalejalt j\u00e4rgmiseid andmeid:<\/p>\n<ol>\n<li>ees- ja perekonnanimi;<\/li>\n<li>isikukood;<\/li>\n<li>kontaktandmed (telefon, e-posti aadress);<\/li>\n<li>koolituse nimetus, millele olete end meile registreerinud.<\/li>\n<\/ol>\n<p>Neid andmeid kogume ja kasutame selleks, et t\u00e4ita \u00f5igusaktidest tulenevaid kohustusi, aga ka selleks, et t\u00e4ita meie vahel s\u00f5lmitud lepingut (nt koolitusega seotud korraldusliku info ja koolitusmaterjalide edastamiseks, osalemise kohta kinnituse k\u00fcsimiseks, arvete saatmiseks jne).<\/p>\n<p>T\u00e4iskasvanute koolituse seadusest tulenevalt peame v\u00e4ljastama koolitusel osalenutele t\u00f5endeid ja tunnistusi, millel tuleb kajastada muuhulgas koolitusel osalenud isiku nimi ja isikukood.[\/vc_column_text][\/vc_tab][vc_tab title=&#8221;\u00d5ppekavade kvaliteedi tagamise tingimused ja kord&#8221; tab_id=&#8221;1620718663371-8-5&#8243;][vc_column_text]\u00d5ppekavade koostamisel l\u00e4htutakse t\u00e4iskasvanute koolituse seadusest, t\u00e4ienduskoolituse \u00f5ppekava koostamise juhendmaterjalist, t\u00e4ienduskoolituse standardist ja korrast. \u00d5ppekava l\u00e4htub sihtgrupi vajadusest ning on \u00f5piv\u00e4ljundip\u00f5hine. Koolituste \u00f5ppekavad on k\u00e4ttesaadavad kooli kodulehel.<\/p>\n<p>T\u00e4ienduskoolituse \u00f5ppekavas s\u00e4testatakse v\u00e4hemalt j\u00e4rgmised andmed:<\/p>\n<p>&#8211; \u00f5ppekava nimetus;<\/p>\n<p>&#8211; \u00f5ppekavar\u00fchm;<\/p>\n<p>&#8211; \u00f5piv\u00e4ljundid;<\/p>\n<p>&#8211; \u00f5pingute alustamise tingimused, juhul kui need on eeltingimuseks \u00f5piv\u00e4ljundite saavutamisel;<\/p>\n<p>&#8211; \u00f5ppe kogumaht, sealhulgas auditoorse, praktilise ja iseseisva t\u00f6\u00f6 osakaal (\u00f5ppekava maht\u00a0m\u00e4\u00e4ratakse \u00f5ppekavas akadeemilistes tundides. \u00dcks akadeemiline tund vastab 45 minutile);<\/p>\n<p>&#8211; \u00f5ppe sisu;<\/p>\n<p>&#8211; \u00f5ppekeskkonna kirjeldus;<\/p>\n<p>&#8211; \u00f5ppematerjalide loend, juhul kui need on ette n\u00e4htud;<\/p>\n<p>&#8211; l\u00f5petamise tingimused ja v\u00e4ljastatavad dokumendid;<\/p>\n<p>&#8211; koolituse l\u00e4biviimiseks vajaliku kvalifikatsiooni, \u00f5pi- v\u00f5i t\u00f6\u00f6kogemuse kirjeldus koolitajal.<\/p>\n<p><strong>\u00a0<\/strong><\/p>\n<p>\u00d5ppekavad vaadatakse regulaarselt \u00fcle ja ajakohastatakse, et tagada vastavus \u00f5igusaktides kehtestatud vormin\u00f5uetele, eesm\u00e4rgip\u00e4rasus, teemade, mahtude, materjalide sobivus ning \u00f5ppijate ja t\u00f6\u00f6andjate vajadus.[\/vc_column_text][\/vc_tab][vc_tab title=&#8221;\u00d5ppekeskkonna kvaliteedi tagamise tingimused ja kord&#8221; tab_id=&#8221;1620718665252-9-4&#8243;][vc_column_text]<strong>\u00d5ppekeskkonna kirjeldus.<br \/>\n<\/strong>K\u00f5ik kursused on \u00fcleval Alex Koolitus O\u00dc kodulehel v\u00e4hemalt n\u00e4dal enne nende toimumise algust. Koolitustele on v\u00f5imalik registreeruda kodulehel avaldatud e-postil v\u00f5i telefonil. K\u00f5ik meie koolitusruumid on vastavad t\u00f6\u00f6tervishoiu ja t\u00f6\u00f6ohutuse seaduses s\u00e4testatud t\u00f6\u00f6tervishoiu ja -ohutuse n\u00f5uetele, tuleohutuse seaduses s\u00e4testatud tuleohutuse n\u00f5uetele ning elektriohutusseaduses s\u00e4testatud n\u00f5uetele. Koolitusruumid on varustatud t\u00e4nap\u00e4evaste koolitusvahenditega (dataprojektor, s\u00fclearvuti, tahvel jm). Koolitusruumides asuvaid laudu \u2013 toole on v\u00f5imalik \u00fcmber paigutada vastavalt valitud \u00f5ppemetoodikale ja vajadustele.<\/p>\n<p><strong>Toitlustus ja kohvipausid.<br \/>\n<\/strong>Kui koolituse juures pole m\u00e4rgitud teisiti, siis l\u00f5una maksumus ei sisaldu koolituse hinnas. V\u00f5imalus on ise toit kaasa v\u00f5tta, tellida v\u00f5i minna einestama l\u00e4hedalasuvatesse toitlustusasutustesse.<\/p>\n<p><strong>\u00d5ppematerjalid.<br \/>\n<\/strong>Igaks kursuseks on ette valmistatud \u00f5ppematerjal paberkandjal v\u00f5i elektroonselt. K\u00f5igile osalejatele komplekteeritakse individuaalsed \u00f5ppemapid.<br \/>\n\u00d5ppematerjalid (jaotusmaterjal) on t\u00e4nap\u00e4evased, sobiva raskusastmega ja toetavad koolituse eesm\u00e4rgi saavutamist. \u00d5ppematerjalid ja vahendid on koostatud ja nende kasutamine toimub koosk\u00f5las autori\u00f5iguse seadusega ning ei riku autori isiklikke ega varalisi \u00f5igusi. Kasutatakse koolitajate originaal-jaotusmaterjale, erinevaid aja- ja asjakohaseid kirjastatud v\u00e4ljaandeid. \u00d5ppematerjalid toetavad koolitatavate edaspidist iseseisvat \u00f5ppimist. \u00d5ppematerjalid on k\u00f5igile osalejate tasuta. \u00d5ppekavadest ja \u00f5ppematerjalidest on leitav ka soovitav kirjandus, millega t\u00e4iendavalt tutvuda.<\/p>\n<p><strong>E-\u00f5pe<\/strong> on \u00f5ppet\u00f6\u00f6, mis toimub osaliselt v\u00f5i t\u00e4ielikult digitehnoloogiliste vahendite abil. Koolitajal ja \u00f5ppijal on arvuti ning internet. Koolitaja suhtleb \u00f5ppijaga Google Classroom, Zoom, Skype, Viber vm kaudu.<\/p>\n<p>\u00d5ppimine e-\u00f5ppe teel v\u00f5imaldab:<\/p>\n<p>\u2013 \u00f5ppida mitmekesisemalt ja aktiivsemalt;<\/p>\n<p>\u2013 kasutada \u00f5ppimiseks elektroonilisi \u00f5ppematerjale;<\/p>\n<p>\u2013 suhelda kaas\u00f5ppijate ja \u00f5ppej\u00f5uga foorumi vahendusel;<\/p>\n<p>\u2013 saada \u00f5ppej\u00f5ult tuge iseseisva t\u00f6\u00f6 tegemisel;<\/p>\n<p>\u2013 kasutada erinevaid tehnilisi v\u00f5imalusi veebip\u00f5hiseks r\u00fchmat\u00f6\u00f6ks;<\/p>\n<p>\u2013 omada t\u00e4pset \u00fclevaadet kursuse \u00f5ppeprotsessist;<\/p>\n<p>\u2013 esitada kodut\u00f6id elektrooniliselt ja saada koolitajalt tagasisidet.[\/vc_column_text][\/vc_tab][vc_tab title=&#8221;Koolitajate kvaliteedi tagamise tingimused ja kord&#8221; tab_id=&#8221;1620718665971-10-6&#8243;][vc_column_text]<\/p>\n<ul>\n<li>K\u00f5ikidel koolitajatel on erialane haridus v\u00f5i kutsetunnistus koolitatavas valdkonnas ja t\u00e4iskasvanute koolitamise kogemus;<\/li>\n<li>Koolitajate t\u00f6\u00f6 tulemust hinnatakse koolituse j\u00e4rgselt osalejate suulise ja kirjaliku tagasiside p\u00f5hjal. Vajadusel tehakse koolitajatele parandusettepanekuid ning pakutakse t\u00e4iend\u00f5ppe, mentorluse v\u00f5imalust;<\/li>\n<li>Vajadusel tehakse koolitajatele parandusettepanekuid ning pakutakse t\u00e4iend\u00f5ppe, mentorluse v\u00f5imalust;<\/li>\n<li>Korduvate m\u00e4rkuste korral tagaside hinnangutes kaalub Koolituskeskus v\u00f5imalust koolitaja v\u00e4ljavahetamiseks;<\/li>\n<li>Koolituste l\u00e4biviimisel ja suhtlemisel juhindub koolitaja v\u00e4\u00e4rtusp\u00f5hisest suhtest, avatusest, aususest ja abivalmidusest;<\/li>\n<li>K\u00f5ik koolitajad annavad edasi teoreetilisi teadmisi illustreerides neid rikkalike praktiliste n\u00e4idetega.<\/li>\n<\/ul>\n<p>[\/vc_column_text][\/vc_tab][vc_tab title=&#8221;Vaidluste lahedamise kord&#8221; tab_id=&#8221;1620718662494-7-7&#8243;][vc_column_text]<\/p>\n<ul>\n<li>Ettepanekute ja kaebuste esitamise \u00f5igus on k\u00f5igil Koolituskeskuse klientidel, nende seaduslikel esindajatel, koost\u00f6\u00f6partneritel ja k\u00fclastajatel;<\/li>\n<li>Ettepanekuid ja kaebusi saab esitada ainult kirjalikult;<\/li>\n<li>Suuliselt v\u00f5ib kaebuse v\u00f5i ettepaneku esitada vahetule koolituse haldurile eeldusel, et ei soovita kirjalikku vastust ning probleem saab osapooltele kohese lahenduse ega vaja edasist k\u00e4sitlemist;<\/li>\n<li>Esmalt p\u00fc\u00fctakse t\u00f5lgendamisest ja t\u00e4itmisest tulenevad vaidlused ning arusaamatused, mis t\u00e4ienduskoolitusega tekivad, lahendada l\u00e4bir\u00e4\u00e4kimiste teel. Kui osapooled kokkulepet ei saavuta siis lahendatakse vaidlused vastavalt Eesti Vabariigis kehtivale seadusandlusele.<\/li>\n<\/ul>\n<p>[\/vc_column_text][\/vc_tab][vc_tab title=&#8221;T\u00e4ienduskoolituse kohta tagasiside kogumise kord&#8221; tab_id=&#8221;1620719761764-11-10&#8243;][vc_column_text]<\/p>\n<ul>\n<li>Koolituse l\u00f5ppedes t\u00e4idab iga koolitusel osaleja koolitaja tagaside k\u00fcsitluslehe, kus antakse hinnang\/arvamus koolituse sisule, koolitaja(te)le ja koolituse korraldusele;<\/li>\n<li>Tagasisidet v\u00f5ib anda nii kirjalikult paberkandjal kui ka digitaalselt (internetis (https:\/\/avatudkeskus.ee\/et\/kontakt\/) e-posti teel (info@alexkoolitus.ee);<\/li>\n<li>Tagasiside on anon\u00fc\u00fcmne ning seda kasutatakse t\u00f6\u00f6 paremaks korraldamiseks;<\/li>\n<li>Tagasiside k\u00fcsitluslehtedes olev informatsioon koondatakse ja anal\u00fc\u00fcsitakse ning vajadusel v\u00f5imaldab see kogum Koolituskeskusel teha muudatusi p\u00e4rast hinnangute anal\u00fc\u00fcsi koolitajate valikul, \u00f5ppekava mahu muutmisel ja koolituse korraldamisel kui see on p\u00f5hjendatud ja vajalik;<\/li>\n<li>\u00d5ppija n\u00f5usolekul avaldatakse tagasisidet Koolituskeskuse kodulehel;<\/li>\n<li>Tagasiside andmine pole koolituse kohustuslik.<\/li>\n<\/ul>\n<p>[\/vc_column_text][\/vc_tab][\/vc_tabs][\/vc_column][\/vc_row]<\/p>","protected":false},"excerpt":{"rendered":"<p>[vc_row][vc_column][\/vc_column][\/vc_row][vc_row][vc_column][vc_tabs][vc_tab title=&#8221;\u00dclds\u00e4tted&#8221; tab_id=&#8221;f2b196ce-66ac-7&#8243;][vc_column_text] Alex Koolitus O\u00dc (edasi Koolituskeskus) on t\u00e4ienduskoolitusasutus; Koolituskeskus l\u00e4htub t\u00e4ienduskoolituse korraldamisel t\u00e4iskasvanute koolituse seadusest, t\u00e4ienduskoolituse standardist ning teistest asjakohastest \u00f5igusaktidest ja dokumentidest; Koolituskeskus korraldab t\u00e4iskasvanutele suunatud t\u00f6\u00f6alast t\u00e4ienduskoolitust; \u00d5ppet\u00f6\u00f6 toimub koolitustena aastaringselt. Koolituse mahtu arvestatakse akadeemilistes tundides, kus \u00fcks akadeemiline tund on 45 minutit; Koolitused toimuvad grupikoolituse ja\/v\u00f5i individuaal\u00f5ppena. Individuaal\u00f5ppe puhul viiakse [&hellip;]<\/p>\n","protected":false},"author":1,"featured_media":0,"parent":0,"menu_order":8,"comment_status":"closed","ping_status":"closed","template":"","meta":[],"_links":{"self":[{"href":"https:\/\/avatudkeskus.ee\/et\/wp-json\/wp\/v2\/pages\/21"}],"collection":[{"href":"https:\/\/avatudkeskus.ee\/et\/wp-json\/wp\/v2\/pages"}],"about":[{"href":"https:\/\/avatudkeskus.ee\/et\/wp-json\/wp\/v2\/types\/page"}],"author":[{"embeddable":true,"href":"https:\/\/avatudkeskus.ee\/et\/wp-json\/wp\/v2\/users\/1"}],"replies":[{"embeddable":true,"href":"https:\/\/avatudkeskus.ee\/et\/wp-json\/wp\/v2\/comments?post=21"}],"version-history":[{"count":2,"href":"https:\/\/avatudkeskus.ee\/et\/wp-json\/wp\/v2\/pages\/21\/revisions"}],"predecessor-version":[{"id":2702,"href":"https:\/\/avatudkeskus.ee\/et\/wp-json\/wp\/v2\/pages\/21\/revisions\/2702"}],"wp:attachment":[{"href":"https:\/\/avatudkeskus.ee\/et\/wp-json\/wp\/v2\/media?parent=21"}],"curies":[{"name":"wp","href":"https:\/\/api.w.org\/{rel}","templated":true}]}}