{"id":2,"date":"2018-01-12T20:42:52","date_gmt":"2018-01-12T20:42:52","guid":{"rendered":"https:\/\/avatudkeskus.ee\/?page_id=2"},"modified":"2025-06-02T10:28:23","modified_gmt":"2025-06-02T10:28:23","slug":"avaleht","status":"publish","type":"page","link":"https:\/\/avatudkeskus.ee\/et\/","title":{"rendered":"Avaleht"},"content":{"rendered":"<p>[vc_row content_placement=&#8221;middle&#8221; parallax=&#8221;content-moving&#8221; parallax_image=&#8221;2279&#8243; preset=&#8221;&#8221; content_preset=&#8221;&#8221; toggle_font_preset=&#8221;&#8221; toggle_font_color=&#8221;&#8221; toggle_font_size=&#8221;&#8221; toggle_font_line_height=&#8221;&#8221; toggle_font_transform=&#8221;&#8221; toggle_font_align=&#8221;&#8221; toggle_background_type=&#8221;&#8221; toggle_background_position=&#8221;&#8221; toggle_background_image_size=&#8221;&#8221; toggle_background_color=&#8221;&#8221; toggle_background_repeat=&#8221;&#8221; toggle_background_size=&#8221;&#8221; toggle_background_gradient=&#8221;&#8221; toggle_border_all=&#8221;&#8221; toggle_border_top=&#8221;&#8221; toggle_border_right=&#8221;&#8221; toggle_border_bottom=&#8221;&#8221; toggle_border_left=&#8221;&#8221; toggle_border_style=&#8221;&#8221; toggle_border_color=&#8221;&#8221; toggle_border_css=&#8221;&#8221; toggle_border_radius=&#8221;&#8221; toggle_padding_all=&#8221;&#8221; toggle_padding_top=&#8221;&#8221; toggle_padding_right=&#8221;&#8221; toggle_padding_bottom=&#8221;&#8221; toggle_padding_left=&#8221;&#8221; toggle_padding_unit=&#8221;&#8221; toggle_padding_css=&#8221;&#8221; toggle_margin_all=&#8221;&#8221; toggle_margin_top=&#8221;&#8221; toggle_margin_right=&#8221;&#8221; toggle_margin_bottom=&#8221;&#8221; toggle_margin_left=&#8221;&#8221; toggle_margin_unit=&#8221;&#8221; toggle_margin_css=&#8221;&#8221; toggle_icon_type=&#8221;&#8221; toggle_icon=&#8221;&#8221; toggle_icon_preset=&#8221;&#8221; toggle_icon_character=&#8221;&#8221; toggle_icon_image_size=&#8221;&#8221; toggle_icon_color=&#8221;&#8221; toggle_icon_size=&#8221;&#8221; toggle_icon_background_type=&#8221;&#8221; toggle_icon_background_position=&#8221;&#8221; toggle_icon_background_image_size=&#8221;&#8221; toggle_icon_background_color=&#8221;&#8221; toggle_icon_background_repeat=&#8221;&#8221; toggle_icon_background_size=&#8221;&#8221; toggle_icon_background_gradient=&#8221;&#8221; toggle_icon_border_all=&#8221;&#8221; toggle_icon_border_top=&#8221;&#8221; toggle_icon_border_right=&#8221;&#8221; toggle_icon_border_bottom=&#8221;&#8221; toggle_icon_border_left=&#8221;&#8221; toggle_icon_border_style=&#8221;&#8221; toggle_icon_border_color=&#8221;&#8221; toggle_icon_border_css=&#8221;&#8221; toggle_icon_border_radius=&#8221;&#8221; toggle_icon_padding_all=&#8221;&#8221; toggle_icon_padding_top=&#8221;&#8221; toggle_icon_padding_right=&#8221;&#8221; toggle_icon_padding_bottom=&#8221;&#8221; toggle_icon_padding_left=&#8221;&#8221; toggle_icon_padding_unit=&#8221;&#8221; toggle_icon_padding_css=&#8221;&#8221; toggle_icon_margin_all=&#8221;&#8221; toggle_icon_margin_top=&#8221;&#8221; toggle_icon_margin_right=&#8221;&#8221; toggle_icon_margin_bottom=&#8221;&#8221; toggle_icon_margin_left=&#8221;&#8221; toggle_icon_margin_unit=&#8221;&#8221; toggle_icon_margin_css=&#8221;&#8221; hover_toggle_font_color=&#8221;&#8221; hover_toggle_font_size=&#8221;&#8221; hover_toggle_font_align=&#8221;&#8221; hover_toggle_background_type=&#8221;&#8221; hover_toggle_background_position=&#8221;&#8221; hover_toggle_background_image_size=&#8221;&#8221; hover_toggle_background_color=&#8221;&#8221; hover_toggle_background_repeat=&#8221;&#8221; hover_toggle_background_size=&#8221;&#8221; hover_toggle_background_gradient=&#8221;&#8221; hover_toggle_border_all=&#8221;&#8221; hover_toggle_border_top=&#8221;&#8221; hover_toggle_border_right=&#8221;&#8221; hover_toggle_border_bottom=&#8221;&#8221; hover_toggle_border_left=&#8221;&#8221; hover_toggle_border_style=&#8221;&#8221; hover_toggle_border_color=&#8221;&#8221; hover_toggle_border_css=&#8221;&#8221; hover_toggle_border_radius=&#8221;&#8221; hover_toggle_icon_type=&#8221;&#8221; hover_toggle_icon=&#8221;&#8221; hover_toggle_icon_preset=&#8221;&#8221; hover_toggle_icon_character=&#8221;&#8221; hover_toggle_icon_image_size=&#8221;&#8221; hover_toggle_icon_color=&#8221;&#8221; hover_toggle_icon_size=&#8221;&#8221; hover_toggle_icon_background_type=&#8221;&#8221; hover_toggle_icon_background_position=&#8221;&#8221; hover_toggle_icon_background_image_size=&#8221;&#8221; hover_toggle_icon_background_color=&#8221;&#8221; hover_toggle_icon_background_repeat=&#8221;&#8221; hover_toggle_icon_background_size=&#8221;&#8221; hover_toggle_icon_background_gradient=&#8221;&#8221; hover_toggle_icon_border_all=&#8221;&#8221; hover_toggle_icon_border_top=&#8221;&#8221; hover_toggle_icon_border_right=&#8221;&#8221; hover_toggle_icon_border_bottom=&#8221;&#8221; hover_toggle_icon_border_left=&#8221;&#8221; hover_toggle_icon_border_style=&#8221;&#8221; hover_toggle_icon_border_color=&#8221;&#8221; hover_toggle_icon_border_css=&#8221;&#8221; hover_toggle_icon_border_radius=&#8221;&#8221; url=&#8221;&#8221; first_background_type=&#8221;&#8221; first_background_position=&#8221;&#8221; first_background_image_size=&#8221;&#8221; first_background_color=&#8221;&#8221; first_background_repeat=&#8221;&#8221; first_background_size=&#8221;&#8221; first_background_gradient=&#8221;&#8221; second_background_type=&#8221;&#8221; second_background_position=&#8221;&#8221; second_background_image_size=&#8221;&#8221; second_background_color=&#8221;&#8221; second_background_repeat=&#8221;&#8221; second_background_size=&#8221;&#8221; second_background_gradient=&#8221;&#8221; animation_in_divider=&#8221;&#8221; animation_in_type=&#8221;&#8221; animation_in_offset=&#8221;&#8221; animation_in_duration=&#8221;&#8221; animation_in_delay=&#8221;&#8221; animation_loop_divider=&#8221;&#8221; animation_loop_type=&#8221;&#8221; animation_loop_duration=&#8221;&#8221; animation_loop_delay=&#8221;&#8221; toggle_divider=&#8221;&#8221; first_overlay_divider=&#8221;&#8221; second_overlay_divider=&#8221;&#8221; parallax_divider=&#8221;&#8221; top_separator_divider=&#8221;&#8221; bottom_separator_divider=&#8221;&#8221; el_class=&#8221;margin15&#8243;][vc_column][vc_row_inner][vc_column_inner width=&#8221;1\/2&#8243;][vc_gallery interval=&#8221;3&#8243; images=&#8221;2487&#8243; img_size=&#8221;large&#8221;][\/vc_column_inner][vc_column_inner width=&#8221;1\/2&#8243;][vc_column_text css=&#8221;.vc_custom_1748860090261{padding-top: 20px !important;padding-right: 20px !important;padding-bottom: 20px !important;padding-left: 20px !important;background-color: rgba(255,255,255,0.68) !important;*background-color: rgb(255,255,255) !important;}&#8221;]Olete motiveeritud igak\u00fclgsele arengule ja uutele v\u00e4ljakutsetele? Sel juhul, tere tulemast!<\/p>\n<p>Komfortne \u00f5pikeskkond ja kvaliteetsed \u00f5ppematerjalid. Meie mugav \u00f5pikeskkond m\u00f5jub Teile motiveerivalt, kuid samas vabastab ka pingest.<\/p>\n<p>Meie koolitajad omavad teadmisi ka inimps\u00fchholoogiast, seega suudavad nad valida ideaalse \u00f5ppeformaadi just teie jaoks.<\/p>\n<p>Meie eesm\u00e4rk on teie k\u00f5rge kvalifikatsioon ja rahulolu.<\/p>\n<p>&nbsp;<\/p>\n<p>[\/vc_column_text][\/vc_column_inner][\/vc_row_inner][\/vc_column][\/vc_row]<\/p>","protected":false},"excerpt":{"rendered":"<p>[vc_row content_placement=&#8221;middle&#8221; parallax=&#8221;content-moving&#8221; parallax_image=&#8221;2279&#8243; preset=&#8221;&#8221; content_preset=&#8221;&#8221; toggle_font_preset=&#8221;&#8221; toggle_font_color=&#8221;&#8221; toggle_font_size=&#8221;&#8221; toggle_font_line_height=&#8221;&#8221; toggle_font_transform=&#8221;&#8221; toggle_font_align=&#8221;&#8221; toggle_background_type=&#8221;&#8221; toggle_background_position=&#8221;&#8221; toggle_background_image_size=&#8221;&#8221; toggle_background_color=&#8221;&#8221; toggle_background_repeat=&#8221;&#8221; toggle_background_size=&#8221;&#8221; toggle_background_gradient=&#8221;&#8221; toggle_border_all=&#8221;&#8221; toggle_border_top=&#8221;&#8221; toggle_border_right=&#8221;&#8221; toggle_border_bottom=&#8221;&#8221; toggle_border_left=&#8221;&#8221; toggle_border_style=&#8221;&#8221; toggle_border_color=&#8221;&#8221; toggle_border_css=&#8221;&#8221; toggle_border_radius=&#8221;&#8221; toggle_padding_all=&#8221;&#8221; toggle_padding_top=&#8221;&#8221; toggle_padding_right=&#8221;&#8221; toggle_padding_bottom=&#8221;&#8221; toggle_padding_left=&#8221;&#8221; toggle_padding_unit=&#8221;&#8221; toggle_padding_css=&#8221;&#8221; toggle_margin_all=&#8221;&#8221; toggle_margin_top=&#8221;&#8221; toggle_margin_right=&#8221;&#8221; toggle_margin_bottom=&#8221;&#8221; toggle_margin_left=&#8221;&#8221; toggle_margin_unit=&#8221;&#8221; toggle_margin_css=&#8221;&#8221; toggle_icon_type=&#8221;&#8221; toggle_icon=&#8221;&#8221; toggle_icon_preset=&#8221;&#8221; toggle_icon_character=&#8221;&#8221; toggle_icon_image_size=&#8221;&#8221; toggle_icon_color=&#8221;&#8221; toggle_icon_size=&#8221;&#8221; toggle_icon_background_type=&#8221;&#8221; toggle_icon_background_position=&#8221;&#8221; toggle_icon_background_image_size=&#8221;&#8221; toggle_icon_background_color=&#8221;&#8221; toggle_icon_background_repeat=&#8221;&#8221; toggle_icon_background_size=&#8221;&#8221; [&hellip;]<\/p>\n","protected":false},"author":1,"featured_media":0,"parent":0,"menu_order":3,"comment_status":"closed","ping_status":"closed","template":"","meta":[],"_links":{"self":[{"href":"https:\/\/avatudkeskus.ee\/et\/wp-json\/wp\/v2\/pages\/2"}],"collection":[{"href":"https:\/\/avatudkeskus.ee\/et\/wp-json\/wp\/v2\/pages"}],"about":[{"href":"https:\/\/avatudkeskus.ee\/et\/wp-json\/wp\/v2\/types\/page"}],"author":[{"embeddable":true,"href":"https:\/\/avatudkeskus.ee\/et\/wp-json\/wp\/v2\/users\/1"}],"replies":[{"embeddable":true,"href":"https:\/\/avatudkeskus.ee\/et\/wp-json\/wp\/v2\/comments?post=2"}],"version-history":[{"count":1,"href":"https:\/\/avatudkeskus.ee\/et\/wp-json\/wp\/v2\/pages\/2\/revisions"}],"predecessor-version":[{"id":2700,"href":"https:\/\/avatudkeskus.ee\/et\/wp-json\/wp\/v2\/pages\/2\/revisions\/2700"}],"wp:attachment":[{"href":"https:\/\/avatudkeskus.ee\/et\/wp-json\/wp\/v2\/media?parent=2"}],"curies":[{"name":"wp","href":"https:\/\/api.w.org\/{rel}","templated":true}]}}